{"id":881,"date":"2018-05-29T11:11:20","date_gmt":"2018-05-29T11:11:20","guid":{"rendered":"http:\/\/xtratheme.com\/default\/?page_id=7"},"modified":"2021-05-10T11:53:45","modified_gmt":"2021-05-10T08:53:45","slug":"about-us","status":"publish","type":"page","link":"https:\/\/armasepeti.com\/?page_id=881","title":{"rendered":"Hakk\u0131m\u0131zda"},"content":{"rendered":"<p>[vc_row][vc_column]<div id=\"cz_37277\" class=\"cz_37277 cz_image clr cz_image_no_fx center_on_mobile\"><div class=\"\" ><div class=\"cz_image_in\"><div class=\"cz_main_image\"><img decoding=\"async\" width=\"1000\" height=\"316\" src=\"https:\/\/armasepeti.com\/wp-content\/uploads\/2021\/05\/12332123.jpg\" class=\"attachment-full\" alt=\"\" title=\"12332123\" srcset=\"https:\/\/armasepeti.com\/wp-content\/uploads\/2021\/05\/12332123.jpg 1000w, https:\/\/armasepeti.com\/wp-content\/uploads\/2021\/05\/12332123-300x95.jpg 300w, https:\/\/armasepeti.com\/wp-content\/uploads\/2021\/05\/12332123-768x243.jpg 768w, https:\/\/armasepeti.com\/wp-content\/uploads\/2021\/05\/12332123-600x190.jpg 600w\" sizes=\"(max-width: 1000px) 100vw, 1000px\" \/><\/div><\/div><\/div><\/div><div class=\"cz_gap clr \" style=\"height: 50px\"><\/div><div id=\"cz_43074\" class=\"cz_43074 cz_title clr cz_smart_fs cz_title_pos_inline tac\"><div class=\"cz_title_content\"><span class=\"cz_line_side_solo\">_<\/span><div class=\"cz_wpe_content\"><h3 style=\"text-align: center;\"><span style=\"font-size: 36px;\">Arma Sepeti <span style=\"color: #fe8802;\">Kimdir<\/span><\/span><\/h3>\n<p style=\"text-align: center;\"><span style=\"font-size: 18px; color: #aaaaaa;\">Bizi Tan\u0131y\u0131n<\/span><\/p>\n<div id=\"gtx-trans\" style=\"position: absolute; left: -10px; top: 70.7188px;\">\n<div class=\"gtx-trans-icon\"><\/div>\n<\/div>\n<\/div><span class=\"cz_line_side_solo cz_line_side_after\">_<\/span><\/div><\/div><div class=\"cz_gap clr \" style=\"height: 50px\"><\/div>[vc_row_inner][vc_column_inner width=&#8221;1\/2&#8243;]<div id=\"cz_22168\" class=\"cz_22168 cz_title clr cz_mobile_text_center cz_title_pos_inline\"><div class=\"cz_title_content\"><div class=\"cz_wpe_content\"><p><span style=\"font-size: 18px; color: #666666;\">Arma Sepeti markas\u0131 ki\u015fiye \u00f6zel simgeleri ve ya firma logolar\u0131n\u0131z\u0131 nak\u0131\u015f olarak \u00fcretmek i\u00e7in en geli\u015fmi\u015f bilgisayarl\u0131 nak\u0131\u015f makineleri ve yaz\u0131l\u0131mlar\u0131n\u0131 kullanan T\u00fcrkiye\u2019de \u00f6nc\u00fc firmalardan biridir. 20 seneyi a\u015fk\u0131n tecr\u00fcbemiz ile Firman\u0131za \u00d6zel Nak\u0131\u015f Arma, Dijital Bask\u0131, \u0130\u015f Elbiseleri imalat\u0131 \u00e7\u00f6z\u00fcm orta\u011f\u0131 olarak bir\u00e7ok firmaya hizmet vermekteyiz. Profesyonel Kadromuz, 20 senelik deneyimimiz, Son sistem makine parkurumuz ile siz de\u011ferli m\u00fc\u015fterilerimize hizmetindeyiz<\/span><\/p>\n<\/div><\/div><\/div>[\/vc_column_inner][vc_column_inner width=&#8221;1\/2&#8243;]<ul id=\"cz_87755\" class=\"cz_87755 cz_stylish_list clr cz_sl_icon_hover_zoom_in\"><li class=\"clr\"><div class=\"cz_sl_icon\"><i class=\"fa czico-074-tick-inside-circle mr10\"><\/i><\/div><div><span>20 y\u0131ll\u0131k tecr\u00fcbe<\/span><\/div><\/li><li class=\"clr\"><div class=\"cz_sl_icon\"><i class=\"fa czico-074-tick-inside-circle mr10\"><\/i><\/div><div><span>Profesyonel ekip<\/span><\/div><\/li><li class=\"clr\"><div class=\"cz_sl_icon\"><i class=\"fa czico-074-tick-inside-circle mr10\"><\/i><\/div><div><span>Son model makineler<\/span><\/div><\/li><li class=\"clr\"><div class=\"cz_sl_icon\"><i class=\"fa czico-074-tick-inside-circle mr10\"><\/i><\/div><div><span>Tasar\u0131m \u00fcr\u00fcnler<\/span><\/div><\/li><li class=\"clr\"><div class=\"cz_sl_icon\"><i class=\"fa czico-074-tick-inside-circle mr10\"><\/i><\/div><div><span>\u00dccretsiz kargo<\/span><\/div><\/li><li class=\"clr\"><div class=\"cz_sl_icon\"><i class=\"fa czico-074-tick-inside-circle mr10\"><\/i><\/div><div><span>7\/24 M\u00fc\u015fteri deste\u011fi<\/span><\/div><\/li><li class=\"clr\"><div class=\"cz_sl_icon\"><i class=\"fa czico-074-tick-inside-circle mr10\"><\/i><\/div><div><span>100% Kalite garantisi<\/span><\/div><\/li><li class=\"clr\"><div class=\"cz_sl_icon\"><i class=\"fa czico-074-tick-inside-circle mr10\"><\/i><\/div><div><span>\u00c7\u00f6z\u00fcm ortakl\u0131\u011f\u0131<\/span><\/div><\/li><\/ul>[\/vc_column_inner][\/vc_row_inner][\/vc_column][\/vc_row][vc_row][vc_column]<div class=\"cz_gap clr \" style=\"height: 100px\"><\/div>[vc_row_inner][vc_column_inner offset=&#8221;vc_col-md-3&#8243;]<div id=\"cz_65588\" data-disable-comma=\"\" data-duration=\"3000\" data-delay=\"0000\" class=\"cz_65588 cz_counter clr tac cz_2rows\"><div class=\"\"><span class=\"cz_counter_num_wrap\"><span class=\"cz_counter_num\">241<\/span><\/span><span class=\"cz_counter_after\">S\u00fcrekli M\u00fc\u015fteri<\/span><\/div><\/div><div class=\"cz_gap clr \" style=\"height: 40px\"><\/div>[\/vc_column_inner][vc_column_inner offset=&#8221;vc_col-md-3&#8243;]<div id=\"cz_72417\" data-disable-comma=\"\" data-duration=\"3000\" data-delay=\"0000\" class=\"cz_72417 cz_counter clr tac cz_2rows\"><div class=\"\"><span class=\"cz_counter_num_wrap\"><span class=\"cz_counter_num\">20<\/span><i>+<\/i><\/span><span class=\"cz_counter_after\">Y\u0131ll\u0131k Tecr\u00fcbe<\/span><\/div><\/div><div class=\"cz_gap clr \" style=\"height: 40px\"><\/div>[\/vc_column_inner][vc_column_inner offset=&#8221;vc_col-md-3&#8243;]<div id=\"cz_96859\" data-disable-comma=\"\" data-duration=\"3000\" data-delay=\"0000\" class=\"cz_96859 cz_counter clr tac cz_2rows\"><div class=\"\"><span class=\"cz_counter_num_wrap\"><span class=\"cz_counter_num\">9<\/span><i>Bin<\/i><\/span><span class=\"cz_counter_after\">Farkl\u0131 \u00dcr\u00fcn<\/span><\/div><\/div><div class=\"cz_gap clr \" style=\"height: 40px\"><\/div>[\/vc_column_inner][vc_column_inner offset=&#8221;vc_col-md-3&#8243;]<div id=\"cz_17924\" data-disable-comma=\"\" data-duration=\"3000\" data-delay=\"0000\" class=\"cz_17924 cz_counter clr tac cz_2rows\"><div class=\"\"><span class=\"cz_counter_num_wrap\"><span class=\"cz_counter_num\">8<\/span><\/span><span class=\"cz_counter_after\">Makine Parkuru<\/span><\/div><\/div><div class=\"cz_gap clr \" style=\"height: 40px\"><\/div>[\/vc_column_inner][\/vc_row_inner]<div class=\"cz_gap clr \" style=\"height: 60px\"><\/div>[\/vc_column][\/vc_row][vc_row full_width=&#8221;stretch_row&#8221; css=&#8221;.vc_custom_1532325012265{background-color: #212121 !important;}&#8221;][vc_column]<div class=\"cz_gap clr \" style=\"height: 90px\"><\/div><div id=\"cz_81287\" class=\"cz_81287 cz_title clr cz_smart_fs cz_mobile_text_center cz_title_pos_inline tac\"><div class=\"cz_title_content\"><span class=\"cz_line_side_solo\">_<\/span><div class=\"cz_wpe_content\"><h3 style=\"text-align: center;\"><span style=\"font-size: 36px;\"><span style=\"color: #ffffff;\">Son<\/span>\u00a0<span style=\"color: #fe8802;\">Teknoloji Makinelerimiz<\/span><\/span><\/h3>\n<p style=\"text-align: center;\"><span style=\"font-size: 18px; color: #aaaaaa;\">\u0130\u015fimizi seviyoruz son teknolojiyi kullan\u0131yoruz<\/span><\/p>\n<div id=\"gtx-trans\" style=\"position: absolute; left: -7px; top: -7.28125px;\">\n<div class=\"gtx-trans-icon\"><\/div>\n<\/div>\n<\/div><span class=\"cz_line_side_solo cz_line_side_after\">_<\/span><\/div><\/div><div class=\"cz_gap clr \" style=\"height: 50px\"><\/div><div class=\"cz_gap clr \" style=\"height: 70px\"><\/div>[\/vc_column][\/vc_row]<\/p>\n","protected":false},"excerpt":{"rendered":"<p>[vc_row][vc_column][vc_row_inner][vc_column_inner width=&#8221;1\/2&#8243;][\/vc_column_inner][vc_column_inner width=&#8221;1\/2&#8243;][\/vc_column_inner][\/vc_row_inner][\/vc_column][\/vc_row][vc_row][vc_column][vc_row_inner][vc_column_inner offset=&#8221;vc_col-md-3&#8243;][\/vc_column_inner][vc_column_inner offset=&#8221;vc_col-md-3&#8243;][\/vc_column_inner][vc_column_inner offset=&#8221;vc_col-md-3&#8243;][\/vc_column_inner][vc_column_inner offset=&#8221;vc_col-md-3&#8243;][\/vc_column_inner][\/vc_row_inner][\/vc_column][\/vc_row][vc_row full_width=&#8221;stretch_row&#8221; css=&#8221;.vc_custom_1532325012265{background-color: #212121 !important;}&#8221;][vc_column][\/vc_column][\/vc_row] &#8230; <\/p>\n","protected":false},"author":1,"featured_media":0,"parent":0,"menu_order":0,"comment_status":"closed","ping_status":"closed","template":"","meta":{"footnotes":""},"class_list":["post-881","page","type-page","status-publish","hentry"],"aioseo_notices":[],"_links":{"self":[{"href":"https:\/\/armasepeti.com\/index.php?rest_route=\/wp\/v2\/pages\/881","targetHints":{"allow":["GET"]}}],"collection":[{"href":"https:\/\/armasepeti.com\/index.php?rest_route=\/wp\/v2\/pages"}],"about":[{"href":"https:\/\/armasepeti.com\/index.php?rest_route=\/wp\/v2\/types\/page"}],"author":[{"embeddable":true,"href":"https:\/\/armasepeti.com\/index.php?rest_route=\/wp\/v2\/users\/1"}],"replies":[{"embeddable":true,"href":"https:\/\/armasepeti.com\/index.php?rest_route=%2Fwp%2Fv2%2Fcomments&post=881"}],"version-history":[{"count":4,"href":"https:\/\/armasepeti.com\/index.php?rest_route=\/wp\/v2\/pages\/881\/revisions"}],"predecessor-version":[{"id":1534,"href":"https:\/\/armasepeti.com\/index.php?rest_route=\/wp\/v2\/pages\/881\/revisions\/1534"}],"wp:attachment":[{"href":"https:\/\/armasepeti.com\/index.php?rest_route=%2Fwp%2Fv2%2Fmedia&parent=881"}],"curies":[{"name":"wp","href":"https:\/\/api.w.org\/{rel}","templated":true}]}}