{"id":880,"date":"2018-05-29T11:10:26","date_gmt":"2018-05-29T11:10:26","guid":{"rendered":"http:\/\/xtratheme.com\/default\/?page_id=4"},"modified":"2021-08-04T13:30:12","modified_gmt":"2021-08-04T10:30:12","slug":"home","status":"publish","type":"page","link":"https:\/\/armasepeti.com\/","title":{"rendered":"Home"},"content":{"rendered":"<p>[vc_row full_width=&#8221;stretch_row&#8221; css=&#8221;.vc_custom_1532172116321{background-color: rgba(254,136,2,0.12) !important;*background-color: rgb(254,136,2) !important;}&#8221;][vc_column width=&#8221;2\/3&#8243;]<div class=\"cz_gap clr \" style=\"height: 50px\"><\/div><div id=\"cz_42689\" class=\"cz_42689 cz_title clr cz_smart_fs cz_mobile_text_center cz_title_has_icon cz_title_pos_inline\"><div class=\"cz_title_content\"><span class=\"cz_title_icon_before cz_title_image\"><img decoding=\"async\" width=\"128\" height=\"128\" src=\"https:\/\/armasepeti.com\/wp-content\/uploads\/2018\/07\/delivery-truck.png\" class=\"attachment-thumbnail\" alt=\"\" title=\"delivery-truck\" srcset=\"https:\/\/armasepeti.com\/wp-content\/uploads\/2018\/07\/delivery-truck.png 128w, https:\/\/armasepeti.com\/wp-content\/uploads\/2018\/07\/delivery-truck-100x100.png 100w\" sizes=\"(max-width: 128px) 100vw, 128px\" \/><\/span><div class=\"cz_wpe_content\"><h3><span style=\"font-size: 32px;\">H\u0131zl\u0131, G\u00fcvenli <span style=\"font-weight: 300;\">ve<\/span> Kaliteli <span style=\"font-weight: 300;\">Arma Sat\u0131\u015f\u0131<\/span><\/span><\/h3>\n<p><span style=\"color: #666666; font-size: 20px; font-weight: 400;\">Arad\u0131\u011f\u0131n\u0131z t\u00fcm model ve \u00e7e\u015fitte armalar armasepeti.com kalitesiyle sizlerle&#8230;<\/span><\/p>\n<div id=\"gtx-trans\" style=\"position: absolute; left: -9px; top: 106.438px;\">\n<div class=\"gtx-trans-icon\"><\/div>\n<\/div>\n<\/div><\/div><\/div><div class=\"cz_gap clr  hide_on_tablet hide_on_mobile\" style=\"height: 0px\"><\/div><div class=\"cz_gap show_on_tablet clr \" style=\"height: 30px\"><\/div>[\/vc_column][vc_column width=&#8221;1\/3&#8243;]<div id=\"cz_60258\" class=\"cz_60258 cz_image clr cz_image_no_fx center_on_mobile\"><div class=\"\" ><div class=\"cz_image_in\"><div class=\"cz_main_image\"><img decoding=\"async\" width=\"490\" height=\"411\" src=\"https:\/\/armasepeti.com\/wp-content\/uploads\/2021\/05\/ARMA-SEPETI-SOLO-TURK.png\" class=\"attachment-full\" alt=\"\" title=\"ARMA-SEPET\u0130-SOLO-T\u00dcRK\" srcset=\"https:\/\/armasepeti.com\/wp-content\/uploads\/2021\/05\/ARMA-SEPETI-SOLO-TURK.png 490w, https:\/\/armasepeti.com\/wp-content\/uploads\/2021\/05\/ARMA-SEPETI-SOLO-TURK-300x252.png 300w\" sizes=\"(max-width: 490px) 100vw, 490px\" \/><\/div><\/div><\/div><\/div>[\/vc_column][\/vc_row][vc_row][vc_column]<div class=\"cz_gap clr \" style=\"height: 90px\"><\/div><div id=\"cz_28796\" class=\"cz_28796 cz_title clr cz_smart_fs cz_title_pos_inline tac\"><div class=\"cz_title_content\"><span class=\"cz_line_side_solo\">_<\/span><div class=\"cz_wpe_content\"><h3 style=\"text-align: center;\"><span style=\"font-size: 32px;\">Arma <span style=\"color: #fe8802;\">Model ve<\/span> \u00c7e\u015fitlerimiz<\/span><\/h3>\n<p style=\"text-align: center;\"><span style=\"font-size: 18px; color: #666666;\">\u00dcr\u00fcnlerimizi inceledikten sonra bizleri arayarak teklif isteyebilirsiniz<br \/>\nsize hizmet etmekten mutluluk duyar\u0131z&#8230;<\/span><\/p>\n<\/div><span class=\"cz_line_side_solo cz_line_side_after\">_<\/span><\/div><\/div><div class=\"cz_gap clr \" style=\"height: 270px\"><\/div>[\/vc_column][\/vc_row][vc_row full_width=&#8221;stretch_row&#8221; css=&#8221;.vc_custom_1547371292595{background-color: #212121 !important;}&#8221;][vc_column width=&#8221;1\/3&#8243;]<div class=\"cz_eqh cz_content_box_parent_fx  \"><div class=\"fx_up_hover\"><div id=\"cz_24976\" class=\"cz_24976 cz_content_box clr cz_split_box_top\"><div class=\"cz_split_box\"><img decoding=\"async\" src=\"https:\/\/armasepeti.com\/wp-content\/uploads\/2021\/05\/1arma.jpg\" alt=\"#\" \/><\/div><div class=\"cz_box_front clr\"><div class=\"cz_box_front_inner clr \"><span><\/span><div><div id=\"cz_90138\" class=\"cz_90138 cz_title clr cz_smart_fs cz_title_pos_inline tac\"><div class=\"cz_title_content\"><div class=\"cz_wpe_content\"><h3 style=\"text-align: center;\"><span style=\"font-size: 30px;\"><span style=\"color: #fe8802;\">S\u00fcet<\/span> Armalar<\/span><\/h3>\n<\/div><\/div><\/div><div class=\"cz_gap clr \" style=\"height: 30px\"><\/div>[vc_column_text]<\/p>\n<p style=\"text-align: center;\"><span style=\"color: #666666;\">Kuma\u015f ve benzeri tekstil malzemelerinin \u00fczerine nak\u0131\u015f y\u00f6ntemiyle olu\u015fturulan Arma t\u00fcr\u00fcd\u00fcr.<\/span><\/p>\n<p>[\/vc_column_text]<\/div><\/div><\/div><\/div><\/div><\/div><div class=\"cz_gap clr  hide_on_mobile\" style=\"height: 90px\"><\/div><div class=\"cz_gap show_on_mobile clr\" style=\"height: 40px\"><\/div>[\/vc_column][vc_column width=&#8221;1\/3&#8243;]<div class=\"cz_eqh cz_content_box_parent_fx  \"><div class=\"fx_up_hover\"><div id=\"cz_107042\" class=\"cz_107042 cz_content_box clr cz_split_box_top\"><div class=\"cz_split_box\"><img decoding=\"async\" src=\"https:\/\/armasepeti.com\/wp-content\/uploads\/2021\/05\/2arma.jpg\" alt=\"#\" \/><\/div><div class=\"cz_box_front clr\"><div class=\"cz_box_front_inner clr \"><span><\/span><div><div id=\"cz_103086\" class=\"cz_103086 cz_title clr cz_title_pos_inline tac\"><div class=\"cz_title_content\"><div class=\"cz_wpe_content\"><h3 style=\"text-align: center;\"><span style=\"font-size: 30px;\"><span style=\"color: #fe8802;\">Deri<\/span> Armalar<\/span><\/h3>\n<\/div><\/div><\/div><div class=\"cz_gap clr \" style=\"height: 30px\"><\/div>[vc_column_text]<\/p>\n<p style=\"text-align: center;\"><span style=\"color: #666666;\">Do\u011fal ve suni derini \u00f6zel makinelerde kesilerek istenilen nak\u0131\u015f i\u015flenerek olu\u015fturulan Arma t\u00fcr\u00fcd\u00fcr<\/span><\/p>\n<p>[\/vc_column_text]<\/div><\/div><\/div><\/div><\/div><\/div><div class=\"cz_gap clr  hide_on_mobile\" style=\"height: 90px\"><\/div><div class=\"cz_gap show_on_mobile clr\" style=\"height: 40px\"><\/div>[\/vc_column][vc_column width=&#8221;1\/3&#8243;]<div class=\"cz_eqh cz_content_box_parent_fx  \"><div class=\"fx_up_hover\"><div id=\"cz_40732\" class=\"cz_40732 cz_content_box clr cz_split_box_top\"><div class=\"cz_split_box\"><img decoding=\"async\" src=\"https:\/\/armasepeti.com\/wp-content\/uploads\/2021\/05\/arma-3.jpg\" alt=\"#\" \/><\/div><div class=\"cz_box_front clr\"><div class=\"cz_box_front_inner clr \"><span><\/span><div><div id=\"cz_11657\" class=\"cz_11657 cz_title clr cz_title_pos_inline tac\"><div class=\"cz_title_content\"><div class=\"cz_wpe_content\"><h3 style=\"text-align: center;\"><span style=\"font-size: 30px;\"><span style=\"color: #fe8802;\">Metal<\/span> Armalar<\/span><\/h3>\n<\/div><\/div><\/div><div class=\"cz_gap clr \" style=\"height: 30px\"><\/div>[vc_column_text]<\/p>\n<p style=\"text-align: center;\"><span style=\"color: #666666;\">D\u00f6k\u00fcm ve kaz\u0131ma y\u00f6ntemi kullan\u0131larak istenilen desen sonucu olu\u015fturulan Arma t\u00fcr\u00fcd\u00fcr<\/span><\/p>\n<p>[\/vc_column_text]<\/div><\/div><\/div><\/div><\/div><\/div><div class=\"cz_gap clr  hide_on_mobile\" style=\"height: 90px\"><\/div><div class=\"cz_gap show_on_mobile clr\" style=\"height: 0px\"><\/div>[\/vc_column][\/vc_row][vc_row full_width=&#8221;stretch_row&#8221; css=&#8221;.vc_custom_1532153966070{background-color: #212121 !important;}&#8221;][vc_column width=&#8221;1\/6&#8243;]<div class=\"cz_gap clr \" style=\"height: 80px\"><\/div>[\/vc_column][vc_column width=&#8221;2\/3&#8243;][vc_column_text]<\/p>\n<p style=\"text-align: center;\"><span style=\"color: #ffffff; font-size: 22px;\">S\u00fcet, Deri, Ke\u00e7e, Pullu, S\u00fcz\u00fcne, Metal ve G\u00fcvenlik Armalar\u0131 \u00fcretimi Apoletler ve daha bir \u00e7ok \u00fcr\u00fcn 20 y\u0131ll\u0131k tecr\u00fcbemizle fabrikam\u0131zda \u00fcretilerek d\u00fcnyan\u0131n her co\u011frafyas\u0131na g\u00f6nderilmektedir. Sekt\u00f6r\u00fcn \u00f6nc\u00fc markas\u0131 Arma Sepeti olarak t\u00fcm \u00fcr\u00fcn gamlar\u0131nda iddial\u0131y\u0131z&#8230;<\/span><\/p>\n<div id=\"gtx-trans\" style=\"position: absolute; left: -24px; top: -11px;\">\n<div class=\"gtx-trans-icon\"><\/div>\n<\/div>\n<p>[\/vc_column_text]<div class=\"cz_gap clr \" style=\"height: 60px\"><\/div>[\/vc_column][vc_column width=&#8221;1\/6&#8243;][\/vc_column][\/vc_row][vc_row full_width=&#8221;stretch_row&#8221; css=&#8221;.vc_custom_1540323715323{border-bottom-width: 1px !important;padding-top: 20px !important;padding-bottom: 16px !important;border-bottom-color: rgba(0,0,0,0.15) !important;border-bottom-style: solid !important;}&#8221;][vc_column width=&#8221;1\/6&#8243;]<div class=\"cz_gap show_on_mobile clr\" style=\"height: 50px\"><\/div><div class=\"xtra-service-box-hover fx_zoom_0_hover\"><a href=\"http:\/\/xtratheme.com\/logistic\/services\/\"><div id=\"cz_41817\" class=\"cz_41817 services clr style11 cz_sbi_fx_10 services_b\"><div class=\"service_img\"><img decoding=\"async\" class=\"service-icon \" src=\"https:\/\/armasepeti.com\/wp-content\/uploads\/2018\/07\/box-70x70.png\" width=\"70\" height=\"70\" alt=\"box\" title=\"box\" \/><\/div><div class=\"service_text\"><h3>\u00dcr\u00fcn\u00fcn Belirlenmesi<\/h3><div class=\"cz_wpe_content\"><\/div><\/div><\/div><\/a><\/div>[\/vc_column][vc_column width=&#8221;1\/6&#8243;]<div class=\"xtra-service-box-hover fx_zoom_0_hover\"><a href=\"http:\/\/xtratheme.com\/logistic\/services\/\"><div id=\"cz_61725\" class=\"cz_61725 services clr style11 cz_sbi_fx_10 services_b\"><div class=\"service_img\"><img decoding=\"async\" class=\"service-icon \" src=\"https:\/\/armasepeti.com\/wp-content\/uploads\/2018\/07\/airplane-70x70.png\" width=\"70\" height=\"70\" alt=\"airplane\" title=\"airplane\" \/><\/div><div class=\"service_text\"><h3>Sipari\u015f - S\u00f6zle\u015fme<\/h3><div class=\"cz_wpe_content\"><\/div><\/div><\/div><\/a><\/div>[\/vc_column][vc_column width=&#8221;1\/6&#8243;]<div class=\"xtra-service-box-hover fx_zoom_0_hover\"><a href=\"http:\/\/xtratheme.com\/logistic\/services\/\"><div id=\"cz_34095\" class=\"cz_34095 services clr style11 cz_sbi_fx_10 services_b\"><div class=\"service_img\"><img decoding=\"async\" class=\"service-icon \" src=\"https:\/\/armasepeti.com\/wp-content\/uploads\/2018\/07\/warehouse-70x70.png\" width=\"70\" height=\"70\" alt=\"warehouse\" title=\"warehouse\" \/><\/div><div class=\"service_text\"><h3>\u00dcr\u00fcn\u00fcn Haz\u0131rlanmas\u0131<\/h3><div class=\"cz_wpe_content\"><\/div><\/div><\/div><\/a><\/div>[\/vc_column][vc_column width=&#8221;1\/6&#8243;]<div class=\"xtra-service-box-hover fx_zoom_0_hover\"><a href=\"http:\/\/xtratheme.com\/logistic\/services\/\"><div id=\"cz_62290\" class=\"cz_62290 services clr style11 cz_sbi_fx_10 services_b\"><div class=\"service_img\"><img decoding=\"async\" class=\"service-icon \" src=\"https:\/\/armasepeti.com\/wp-content\/uploads\/2018\/07\/guarantee-70x70.png\" width=\"70\" height=\"70\" alt=\"guarantee\" title=\"guarantee\" \/><\/div><div class=\"service_text\"><h3>\u00d6deme \u0130\u015flemi<\/h3><div class=\"cz_wpe_content\"><\/div><\/div><\/div><\/a><\/div>[\/vc_column][vc_column width=&#8221;1\/6&#8243;]<div class=\"xtra-service-box-hover fx_zoom_0_hover\"><a href=\"http:\/\/xtratheme.com\/logistic\/services\/\"><div id=\"cz_48622\" class=\"cz_48622 services clr style11 cz_sbi_fx_10 services_b\"><div class=\"service_img\"><img decoding=\"async\" class=\"service-icon \" src=\"https:\/\/armasepeti.com\/wp-content\/uploads\/2018\/07\/tag-70x70.png\" width=\"70\" height=\"70\" alt=\"tag\" title=\"tag\" \/><\/div><div class=\"service_text\"><h3>\u00dcr\u00fcn\u00fcn Kargolanmas\u0131<\/h3><div class=\"cz_wpe_content\"><\/div><\/div><\/div><\/a><\/div>[\/vc_column][vc_column width=&#8221;1\/6&#8243;]<div class=\"xtra-service-box-hover fx_zoom_0_hover\"><a href=\"http:\/\/xtratheme.com\/logistic\/services\/\"><div id=\"cz_60802\" class=\"cz_60802 services clr style11 cz_sbi_fx_10 services_b\"><div class=\"service_img\"><img decoding=\"async\" class=\"service-icon \" src=\"https:\/\/armasepeti.com\/wp-content\/uploads\/2018\/07\/call-center-70x70.png\" width=\"70\" height=\"70\" alt=\"call-center\" title=\"call-center\" \/><\/div><div class=\"service_text\"><h3>24\/7 Destek<\/h3><div class=\"cz_wpe_content\"><\/div><\/div><\/div><\/a><\/div><div class=\"cz_gap show_on_mobile clr\" style=\"height: 50px\"><\/div>[\/vc_column][\/vc_row][vc_row el_id=&#8221;request_quote&#8221;][vc_column]<div class=\"cz_gap clr  hide_on_mobile\" style=\"height: 110px\"><\/div><div class=\"cz_gap show_on_mobile clr\" style=\"height: 50px\"><\/div>[\/vc_column][\/vc_row][vc_row css=&#8221;.vc_custom_1620571577201{background-position: center !important;background-repeat: no-repeat !important;background-size: cover !important;}&#8221;][vc_column]<div class=\"cz_gap clr \" style=\"height: 40px\"><\/div><div id=\"cz_79503\" class=\"cz_79503 cz_title clr cz_smart_fs cz_mobile_text_center cz_title_pos_inline\"><div class=\"cz_title_content\"><span class=\"cz_line_side_solo\">_<\/span><div class=\"cz_wpe_content\"><h3><span style=\"font-size: 32px;\">\u00dcr\u00fcnlerimizden <span style=\"color: #fe8802;\">Baz\u0131lar\u0131<\/span><\/span><\/h3>\n<p><span style=\"color: #666666;\"><span style=\"font-size: 18px;\">Detayl\u0131 \u00fcr\u00fcnlerimize men\u00fcde bulunan Arma \u00c7e\u015fitlerimiz sekmesinden ula\u015fabilirsiniz\u00a0<\/span><\/span><\/p>\n<div id=\"gtx-trans\" style=\"position: absolute; left: -19px; top: 64.7188px;\">\n<div class=\"gtx-trans-icon\"><\/div>\n<\/div>\n<\/div><\/div><\/div><div class=\"cz_gap clr \" style=\"height: 25px\"><\/div><div class=\"cz_gap clr \" style=\"height: 60px\"><\/div>[vc_media_grid element_width=&#8221;2&#8243; grid_id=&#8221;vc_gid:1620572955710-0c099928-bdea-9&#8243; include=&#8221;1310,1311,1312,1313,1314,1315,1316,1317,1319,1321,1322,1323,1324,1325,1326,1327,1328,1329,1330,1331,1332,1333,1334,1335,1336,1337,1338,1339,1340,1341,1342,1343,1344,1345,1346,1347&#8243;][\/vc_column][\/vc_row][vc_row][vc_column]<div class=\"cz_gap clr \" style=\"height: 120px\"><\/div>[\/vc_column][\/vc_row][vc_row full_width=&#8221;stretch_row_content_no_spaces&#8221; equal_height=&#8221;yes&#8221; content_placement=&#8221;middle&#8221;][vc_column width=&#8221;1\/2&#8243; css=&#8221;.vc_custom_1532244193899{background-color: #fe8802 !important;}&#8221;]<div class=\"cz_gap clr  hide_on_mobile\" style=\"height: 100px\"><\/div><div class=\"cz_gap show_on_mobile clr\" style=\"height: 50px\"><\/div><div id=\"cz_42625\" class=\"cz_42625 cz_title clr cz_title_pos_inline tac\"><div class=\"cz_title_content\"><div class=\"cz_wpe_content\"><h3 style=\"text-align: center;\"><span style=\"font-size: 36px; color: #ffffff;\">HEMEN S\u0130PAR\u0130\u015e VER<\/span><\/h3>\n<div id=\"gtx-trans\" style=\"position: absolute; left: -29px; top: 70.7188px;\">\n<div class=\"gtx-trans-icon\"><\/div>\n<\/div>\n<\/div><\/div><\/div><div id=\"cz_28706\" class=\"cz_28706 cz_title clr cz_title_pos_inline tac\"><div class=\"cz_title_content\"><div class=\"cz_wpe_content\"><p style=\"text-align: center;\"><span style=\"font-size: 18px; color: #f5f5f5;\">Bizi arayarak ve ya mail atarak istedi\u011finiz boy ve ebatta arma sipari\u015fi verebilirsiniz <\/span><\/p>\n<p style=\"text-align: center;\"><span style=\"font-size: 18px; color: #f5f5f5;\">kendinize \u00f6zel bir arman\u0131z olmas\u0131 art\u0131k tek telefon uza\u011f\u0131n\u0131zda<\/span><\/p>\n<div id=\"gtx-trans\" style=\"position: absolute; left: -57px; top: -11px;\">\n<div class=\"gtx-trans-icon\"><\/div>\n<\/div>\n<\/div><\/div><\/div><div class=\"cz_btn_center\"><div class=\"cz_75586_p\"><a id=\"cz_75586\" class=\"cz_75586 cz_btn cz_btn_txt_no_fx cz_btn_no_fx\" href=\"https:\/\/armasepeti.com\/?page_id=17\" rel=\"nofollow\" title=\"Contact Us\"><span><i class=\"fa czico-002-communication\"><\/i><strong>Hemen Ara<\/strong><\/span><b class=\"cz_btn_onhover\"><i class=\"fa czico-002-communication\"><\/i><strong>Hemen Ara<\/strong><\/b><\/a><\/div><\/div><div class=\"cz_gap clr \" style=\"height: 100px\"><\/div>[\/vc_column][vc_column width=&#8221;1\/2&#8243; css=&#8221;.vc_custom_1620572858945{background: #383838 url(https:\/\/armasepeti.com\/wp-content\/uploads\/2021\/05\/unnamed.jpg?id=1350) !important;background-position: center !important;background-repeat: no-repeat !important;background-size: cover !important;}&#8221;]<div class=\"cz_gap clr \" style=\"height: 100px\"><\/div><div id=\"cz_52962\" class=\"cz_52962 cz_title clr cz_title_pos_inline tac\"><div class=\"cz_title_content\"><div class=\"cz_wpe_content\"><h3 style=\"text-align: center;\"><span style=\"font-size: 36px; color: #ffffff;\">SANA \u00d6ZEL TASARIM ARMALAR<\/span><\/h3>\n<div id=\"gtx-trans\" style=\"position: absolute; left: 75px; top: 70.7188px;\">\n<div class=\"gtx-trans-icon\"><\/div>\n<\/div>\n<\/div><\/div><\/div><div id=\"cz_53992\" class=\"cz_53992 cz_title clr cz_title_pos_inline tac\"><div class=\"cz_title_content\"><div class=\"cz_wpe_content\"><p style=\"text-align: center;\"><span style=\"font-size: 18px; color: #dddddd;\">Tasar\u0131m ekibimizle g\u00f6r\u00fc\u015ferek istedi\u011finiz tasar\u0131m armalara <\/span><\/p>\n<p style=\"text-align: center;\"><span style=\"font-size: 18px; color: #dddddd;\">sahip olabilirsiniz<\/span><\/p>\n<\/div><\/div><\/div><div class=\"cz_btn_center\"><div class=\"cz_103370_p\"><a id=\"cz_103370\" class=\"cz_103370 cz_btn cz_btn_txt_no_fx cz_btn_no_fx\" href=\"https:\/\/armasepeti.com\/?page_id=17\" title=\"Contact Us\"><span><i class=\"fa czico-062-box-2\"><\/i><strong>Tasar\u0131m Ekibiyle G\u00f6r\u00fc\u015f<\/strong><\/span><b class=\"cz_btn_onhover\"><i class=\"fa czico-062-box-2\"><\/i><strong>Tasar\u0131m Ekibiyle G\u00f6r\u00fc\u015f<\/strong><\/b><\/a><\/div><\/div><div class=\"cz_gap clr \" style=\"height: 100px\"><\/div>[\/vc_column][\/vc_row]<\/p>\n","protected":false},"excerpt":{"rendered":"<p>[vc_row full_width=&#8221;stretch_row&#8221; css=&#8221;.vc_custom_1532172116321{background-color: rgba(254,136,2,0.12) !important;*background-color: rgb(254,136,2) !important;}&#8221;][vc_column width=&#8221;2\/3&#8243;][\/vc_column][vc_column width=&#8221;1\/3&#8243;][\/vc_column][\/vc_row][vc_row][vc_column][\/vc_column][\/vc_row][vc_row full_width=&#8221;stretch_row&#8221; css=&#8221;.vc_custom_1547371292595{background-color: &#8230; <\/p>\n","protected":false},"author":1,"featured_media":0,"parent":0,"menu_order":0,"comment_status":"closed","ping_status":"closed","template":"","meta":{"footnotes":""},"class_list":["post-880","page","type-page","status-publish","hentry"],"aioseo_notices":[],"_links":{"self":[{"href":"https:\/\/armasepeti.com\/index.php?rest_route=\/wp\/v2\/pages\/880","targetHints":{"allow":["GET"]}}],"collection":[{"href":"https:\/\/armasepeti.com\/index.php?rest_route=\/wp\/v2\/pages"}],"about":[{"href":"https:\/\/armasepeti.com\/index.php?rest_route=\/wp\/v2\/types\/page"}],"author":[{"embeddable":true,"href":"https:\/\/armasepeti.com\/index.php?rest_route=\/wp\/v2\/users\/1"}],"replies":[{"embeddable":true,"href":"https:\/\/armasepeti.com\/index.php?rest_route=%2Fwp%2Fv2%2Fcomments&post=880"}],"version-history":[{"count":13,"href":"https:\/\/armasepeti.com\/index.php?rest_route=\/wp\/v2\/pages\/880\/revisions"}],"predecessor-version":[{"id":1861,"href":"https:\/\/armasepeti.com\/index.php?rest_route=\/wp\/v2\/pages\/880\/revisions\/1861"}],"wp:attachment":[{"href":"https:\/\/armasepeti.com\/index.php?rest_route=%2Fwp%2Fv2%2Fmedia&parent=880"}],"curies":[{"name":"wp","href":"https:\/\/api.w.org\/{rel}","templated":true}]}}