{"id":17,"date":"2018-05-29T11:14:04","date_gmt":"2018-05-29T11:14:04","guid":{"rendered":"http:\/\/xtratheme.com\/default\/?page_id=17"},"modified":"2021-09-29T13:27:15","modified_gmt":"2021-09-29T10:27:15","slug":"contact-us","status":"publish","type":"page","link":"https:\/\/armasepeti.com\/?page_id=17","title":{"rendered":"\u0130leti\u015fim"},"content":{"rendered":"<p>[vc_row full_width=&#8221;stretch_row&#8221; css=&#8221;.vc_custom_1586536126000{padding-top: 80px !important;padding-bottom: 100px !important;background-color: rgba(254,136,2,0.2) !important;*background-color: rgb(254,136,2) !important;}&#8221;][vc_column offset=&#8221;vc_col-md-4&#8243;]<a href=\"tel:0016675534566\"><div id=\"cz_88473\" class=\"cz_88473 services clr style1 cz_sbi_fx_1 left\"><div class=\"service_custom\"><i class=\"fa czico-092-phone-call-1\"><\/i><\/div><div class=\"service_text\"><h3>Telefon<\/h3><div class=\"cz_wpe_content\"><span style=\"font-size: 18px; color: #666666;\">+90 549 181 21 47<\/span><\/p>\n<div id=\"gtx-trans\" style=\"position: absolute; left: 4px; top: 42px;\">\n<div class=\"gtx-trans-icon\"><\/div>\n<\/div>\n<\/div><\/div><\/div><\/a>[\/vc_column][vc_column offset=&#8221;vc_col-md-4&#8243;]<a href=\"mailto:supports@yoursite.com\"><div id=\"cz_70857\" class=\"cz_70857 services clr style1 cz_sbi_fx_1 left\"><div class=\"service_custom\"><i class=\"fa czico-006-speech-bubble-with-text-lines\"><\/i><\/div><div class=\"service_text\"><h3>E-Posta<\/h3><div class=\"cz_wpe_content\"><span style=\"font-size: 18px; color: #666666;\">info@armasepeti.com<\/span><\/p>\n<div id=\"gtx-trans\" style=\"position: absolute; left: -48px; top: -11px;\">\n<div class=\"gtx-trans-icon\"><\/div>\n<\/div>\n<\/div><\/div><\/div><\/a>[\/vc_column][vc_column offset=&#8221;vc_col-md-4&#8243;]<a href=\"https:\/\/maps.google.com\/\"><div id=\"cz_18635\" class=\"cz_18635 services clr style1 cz_sbi_fx_1 left\"><div class=\"service_custom\"><i class=\"fa czico-082-maps-and-flags\"><\/i><\/div><div class=\"service_text\"><h3>Adres<\/h3><div class=\"cz_wpe_content\"><span style=\"font-size: 18px; color: #666666;\">Merkez Mh. Y.Beyaz\u0131t Cd. 191\/2 Yenibosna &#8211; \u0130stanbul<\/span><\/div><\/div><\/div><\/a>[\/vc_column][\/vc_row][vc_row full_width=&#8221;stretch_row&#8221; el_class=&#8221;z99&#8243;][vc_column offset=&#8221;vc_col-md-6&#8243;]<div class=\"cz_gap clr \" style=\"height: 65px\"><\/div><div id=\"cz_66855\" class=\"cz_66855 cz_title clr cz_mobile_text_center cz_title_pos_inline\"><div class=\"cz_title_content\"><span class=\"cz_line_side_solo\">_<\/span><div class=\"cz_wpe_content\"><h3><span style=\"font-size: 36px;\">\u0130LET\u0130\u015e\u0130ME GE\u00c7EB\u0130L\u0130R <span style=\"color: #fe8802;\">TEKL\u0130F \u0130STEYEB\u0130L\u0130RS\u0130N\u0130Z<\/span><\/span><\/h3>\n<p><span style=\"color: #aaaaaa; font-size: 18px;\">Bug\u00fcn ileti\u015fim kurun ertelemeyin !<\/span><\/p>\n<\/div><\/div><\/div><div id=\"cz_91242\" class=\"cz_91242 cz_title clr cz_mobile_text_center cz_title_pos_inline\"><div class=\"cz_title_content\"><div class=\"cz_wpe_content\"><\/div><\/div><\/div><div class=\"cz_gap clr  hide_on_tablet hide_on_mobile\" style=\"height: 40px\"><\/div><div class=\"cz_gap show_on_tablet clr \" style=\"height: 0px\"><\/div><div id=\"cz_58313\" class=\"cz_58313 cz_social_icons cz_social clr cz_social_fx_10 tal cz_social_colored_bg_hover cz_tooltip cz_tooltip_up center_on_mobile\"><a href=\"https:\/\/www.facebook.com\/Arma-Sepeti-108609654730575\" class=\"cz-facebook\" target=\"_blank\" rel=\"noopener noreferrer\" data-title=\"Facebook\" aria-label=\"Facebook\"><i class=\"fa fa-facebook\"><\/i><\/a><a href=\"https:\/\/www.facebook.com\/Arma-Sepeti-108609654730575\" class=\"cz-pinterest-p\" target=\"_blank\" rel=\"noopener noreferrer\" data-title=\"Pinterest\" aria-label=\"Pinterest\"><i class=\"fa fa-pinterest-p\"><\/i><\/a><a href=\"https:\/\/www.instagram.com\/armasepeti\/\" class=\"cz-twitter\" target=\"_blank\" rel=\"noopener noreferrer\" data-title=\"Twitter\" aria-label=\"Twitter\"><i class=\"fa fa-twitter\"><\/i><\/a><a href=\"https:\/\/www.instagram.com\/armasepeti\/\" class=\"cz-instagram\" target=\"_blank\" rel=\"noopener noreferrer\" data-title=\"Instagram\" aria-label=\"Instagram\"><i class=\"fab fa-instagram\"><\/i><\/a><\/div>[\/vc_column][vc_column offset=&#8221;vc_col-md-6&#8243;]<div class=\"cz_eqh cz_content_box_parent_fx  z99\"><div id=\"cz_63531\" class=\"cz_63531 cz_content_box clr\"><div class=\"cz_box_front clr\"><div class=\"cz_box_front_inner clr \"><span><\/span><div><div id=\"cz_50853\" class=\"cz_50853 cz_cf7 clr\"><div>\n<div class=\"wpcf7 no-js\" id=\"wpcf7-f126-o1\" lang=\"en-US\" dir=\"ltr\">\n<div class=\"screen-reader-response\"><p role=\"status\" aria-live=\"polite\" aria-atomic=\"true\"><\/p> <ul><\/ul><\/div>\n<form action=\"\/index.php?rest_route=%2Fwp%2Fv2%2Fpages%2F17#wpcf7-f126-o1\" method=\"post\" class=\"wpcf7-form init\" aria-label=\"Contact form\" novalidate=\"novalidate\" data-status=\"init\">\n<div style=\"display: none;\">\n<input type=\"hidden\" name=\"_wpcf7\" value=\"126\" \/>\n<input type=\"hidden\" name=\"_wpcf7_version\" value=\"5.8.4\" \/>\n<input type=\"hidden\" name=\"_wpcf7_locale\" value=\"en_US\" \/>\n<input type=\"hidden\" name=\"_wpcf7_unit_tag\" value=\"wpcf7-f126-o1\" \/>\n<input type=\"hidden\" name=\"_wpcf7_container_post\" value=\"0\" \/>\n<input type=\"hidden\" name=\"_wpcf7_posted_data_hash\" value=\"\" \/>\n<\/div>\n<p><span class=\"wpcf7-form-control-wrap\" data-name=\"your-name\"><input size=\"40\" class=\"wpcf7-form-control wpcf7-text wpcf7-validates-as-required\" aria-required=\"true\" aria-invalid=\"false\" placeholder=\"Your Name (*)\" value=\"\" type=\"text\" name=\"your-name\" \/><\/span>\n<\/p>\n<p><span class=\"wpcf7-form-control-wrap\" data-name=\"your-email\"><input size=\"40\" class=\"wpcf7-form-control wpcf7-email wpcf7-validates-as-required wpcf7-text wpcf7-validates-as-email\" aria-required=\"true\" aria-invalid=\"false\" placeholder=\"Your Email (*)\" value=\"\" type=\"email\" name=\"your-email\" \/><\/span>\n<\/p>\n<p><span class=\"wpcf7-form-control-wrap\" data-name=\"your-subject\"><input size=\"40\" class=\"wpcf7-form-control wpcf7-text wpcf7-validates-as-required\" aria-required=\"true\" aria-invalid=\"false\" placeholder=\"Subject\" value=\"\" type=\"text\" name=\"your-subject\" \/><\/span>\n<\/p>\n<p><span class=\"wpcf7-form-control-wrap\" data-name=\"menu-178\"><select class=\"wpcf7-form-control wpcf7-select wpcf7-validates-as-required\" aria-required=\"true\" aria-invalid=\"false\" name=\"menu-178\"><option value=\"Business\">Business<\/option><option value=\"Personal\">Personal<\/option><option value=\"Support\">Support<\/option><option value=\"Others\">Others<\/option><\/select><\/span>\n<\/p>\n<p><span class=\"wpcf7-form-control-wrap\" data-name=\"your-message\"><textarea cols=\"40\" rows=\"10\" class=\"wpcf7-form-control wpcf7-textarea\" aria-invalid=\"false\" placeholder=\"Your Message\" name=\"your-message\"><\/textarea><\/span>\n<\/p>\n<p><input class=\"wpcf7-form-control wpcf7-submit has-spinner\" type=\"submit\" value=\"Send Message\" \/>\n<\/p><p style=\"display: none !important;\"><label>&#916;<textarea name=\"_wpcf7_ak_hp_textarea\" cols=\"45\" rows=\"8\" maxlength=\"100\"><\/textarea><\/label><input type=\"hidden\" id=\"ak_js_1\" name=\"_wpcf7_ak_js\" value=\"219\"\/><script>document.getElementById( \"ak_js_1\" ).setAttribute( \"value\", ( new Date() ).getTime() );<\/script><\/p><div class=\"wpcf7-response-output\" aria-hidden=\"true\"><\/div>\n<\/form>\n<\/div>\n<\/div><\/div><\/div><\/div><\/div><\/div><\/div>[\/vc_column][\/vc_row][vc_row full_width=&#8221;stretch_row_content_no_spaces&#8221;][vc_column][vc_gmaps link=&#8221;#E-8_JTNDaWZyYW1lJTIwc3JjJTNEJTIyaHR0cHMlM0ElMkYlMkZ3d3cuZ29vZ2xlLmNvbSUyRm1hcHMlMkZlbWJlZCUzRnBiJTNEJTIxMW0xOCUyMTFtMTIlMjExbTMlMjExZDMwMTAuNjc1OTYyNTg1Nzc3JTIxMmQyOC44Mjc2OTY3MTU0MTQyJTIxM2Q0MS4wMTA0NjUwNzkzMDA1NjYlMjEybTMlMjExZjAlMjEyZjAlMjEzZjAlMjEzbTIlMjExaTEwMjQlMjEyaTc2OCUyMTRmMTMuMSUyMTNtMyUyMTFtMiUyMTFzMHgxNGNhYTQ5MTMyMWVjMjhmJTI1M0EweGNkNTdhNzc0ZTkyMGJlNyUyMTJzQW5hZG9sdWJhbmslMjUyMFllbmlib3NuYSUyNTIwJTI1QzUlMjU5RXViZXNpJTIxNWUwJTIxM20yJTIxMXN0ciUyMTJzdHIlMjE0djE2MjA2MzA4MzE0MzIlMjE1bTIlMjExc3RyJTIxMnN0ciUyMiUyMHdpZHRoJTNEJTIyNjAwJTIyJTIwaGVpZ2h0JTNEJTIyNDUwJTIyJTIwc3R5bGUlM0QlMjJib3JkZXIlM0EwJTNCJTIyJTIwYWxsb3dmdWxsc2NyZWVuJTNEJTIyJTIyJTIwbG9hZGluZyUzRCUyMmxhenklMjIlM0UlM0MlMkZpZnJhbWUlM0U=&#8221;][\/vc_column][\/vc_row]<\/p>\n","protected":false},"excerpt":{"rendered":"<p>[vc_row full_width=&#8221;stretch_row&#8221; css=&#8221;.vc_custom_1586536126000{padding-top: 80px !important;padding-bottom: 100px !important;background-color: rgba(254,136,2,0.2) !important;*background-color: rgb(254,136,2) !important;}&#8221;][vc_column &#8230; <\/p>\n","protected":false},"author":1,"featured_media":0,"parent":0,"menu_order":0,"comment_status":"closed","ping_status":"closed","template":"","meta":{"footnotes":""},"class_list":["post-17","page","type-page","status-publish","hentry"],"aioseo_notices":[],"_links":{"self":[{"href":"https:\/\/armasepeti.com\/index.php?rest_route=\/wp\/v2\/pages\/17","targetHints":{"allow":["GET"]}}],"collection":[{"href":"https:\/\/armasepeti.com\/index.php?rest_route=\/wp\/v2\/pages"}],"about":[{"href":"https:\/\/armasepeti.com\/index.php?rest_route=\/wp\/v2\/types\/page"}],"author":[{"embeddable":true,"href":"https:\/\/armasepeti.com\/index.php?rest_route=\/wp\/v2\/users\/1"}],"replies":[{"embeddable":true,"href":"https:\/\/armasepeti.com\/index.php?rest_route=%2Fwp%2Fv2%2Fcomments&post=17"}],"version-history":[{"count":5,"href":"https:\/\/armasepeti.com\/index.php?rest_route=\/wp\/v2\/pages\/17\/revisions"}],"predecessor-version":[{"id":1863,"href":"https:\/\/armasepeti.com\/index.php?rest_route=\/wp\/v2\/pages\/17\/revisions\/1863"}],"wp:attachment":[{"href":"https:\/\/armasepeti.com\/index.php?rest_route=%2Fwp%2Fv2%2Fmedia&parent=17"}],"curies":[{"name":"wp","href":"https:\/\/api.w.org\/{rel}","templated":true}]}}