{"id":1410,"date":"2021-05-10T11:19:19","date_gmt":"2021-05-10T08:19:19","guid":{"rendered":"https:\/\/armasepeti.com\/?page_id=1410"},"modified":"2021-05-16T16:53:34","modified_gmt":"2021-05-16T13:53:34","slug":"arma-cesitleri-kan-grubu-arma","status":"publish","type":"page","link":"https:\/\/armasepeti.com\/?page_id=1410","title":{"rendered":"Arma \u00c7e\u015fitleri &#8211; Kan Grubu Arma"},"content":{"rendered":"<p>[vc_row][vc_column width=&#8221;1\/6&#8243;][\/vc_column][vc_column width=&#8221;2\/3&#8243;]<div class=\"cz_gap clr  hide_on_mobile\" style=\"height: 40px\"><\/div><div class=\"cz_gap show_on_mobile clr\" style=\"height: 0px\"><\/div><div id=\"cz_110727\" class=\"cz_110727 cz_title clr cz_smart_fs cz_mobile_text_center cz_title_pos_inline tac\"><div class=\"cz_title_content\"><span class=\"cz_line_side_solo\">_<\/span><div class=\"cz_wpe_content\"><h3 style=\"text-align: center;\"><span style=\"font-size: 32px;\">Kan Grubu <span style=\"color: #fe8802;\">Arma<\/span> \u00dcr\u00fcnlerimiz<\/span><\/h3>\n<p style=\"text-align: center;\"><span style=\"font-size: 18px; color: #666666;\">Hemen \u0130leti\u015fime Ge\u00e7ip Fiyat Alabilirsiniz&#8230;<\/span><\/p>\n<\/div><span class=\"cz_line_side_solo cz_line_side_after\">_<\/span><\/div><\/div>[\/vc_column][vc_column width=&#8221;1\/6&#8243;][\/vc_column][\/vc_row][vc_row][vc_column]<div class=\"cz_gap clr \" style=\"height: 70px\"><\/div><div id=\"cz_43728\" class=\"cz_grid_p cz_43728\"><div class=\"cz_grid cz_grid_1 clr cz_grid_c4 cz_grid_1_no_title cz_grid_1_mid tac\"><div class=\"cz_grid_item cz_grid_first\"><\/div><div class=\"cz_grid_item \"><div><a class=\"cz_grid_link \" href=\"https:\/\/armasepeti.com\/wp-content\/uploads\/2021\/05\/3-10.jpg\" data-xtra-lightbox><img decoding=\"async\" width=\"500\" height=\"500\" src=\"https:\/\/armasepeti.com\/wp-content\/uploads\/2021\/05\/3-10.jpg\" class=\"attachment-codevz_600_600\" alt=\"\" title=\"3\" srcset=\"https:\/\/armasepeti.com\/wp-content\/uploads\/2021\/05\/3-10.jpg 500w, https:\/\/armasepeti.com\/wp-content\/uploads\/2021\/05\/3-10-300x300.jpg 300w, https:\/\/armasepeti.com\/wp-content\/uploads\/2021\/05\/3-10-150x150.jpg 150w, https:\/\/armasepeti.com\/wp-content\/uploads\/2021\/05\/3-10-100x100.jpg 100w\" sizes=\"(max-width: 500px) 100vw, 500px\" \/><div class=\"cz_grid_details\"><i class=\"fa fa-search cz_grid_icon\"><\/i><\/div><\/a><\/div><\/div><div class=\"cz_grid_item \"><div><a class=\"cz_grid_link \" href=\"https:\/\/armasepeti.com\/wp-content\/uploads\/2021\/05\/1-9.jpg\" data-xtra-lightbox><img decoding=\"async\" width=\"500\" height=\"500\" src=\"https:\/\/armasepeti.com\/wp-content\/uploads\/2021\/05\/1-9.jpg\" class=\"attachment-codevz_600_600\" alt=\"\" title=\"1\" srcset=\"https:\/\/armasepeti.com\/wp-content\/uploads\/2021\/05\/1-9.jpg 500w, https:\/\/armasepeti.com\/wp-content\/uploads\/2021\/05\/1-9-300x300.jpg 300w, https:\/\/armasepeti.com\/wp-content\/uploads\/2021\/05\/1-9-150x150.jpg 150w, https:\/\/armasepeti.com\/wp-content\/uploads\/2021\/05\/1-9-100x100.jpg 100w\" sizes=\"(max-width: 500px) 100vw, 500px\" \/><div class=\"cz_grid_details\"><i class=\"fa fa-search cz_grid_icon\"><\/i><\/div><\/a><\/div><\/div><div class=\"cz_grid_item \"><div><a class=\"cz_grid_link \" href=\"https:\/\/armasepeti.com\/wp-content\/uploads\/2021\/05\/2-10.jpg\" data-xtra-lightbox><img decoding=\"async\" width=\"500\" height=\"500\" src=\"https:\/\/armasepeti.com\/wp-content\/uploads\/2021\/05\/2-10.jpg\" class=\"attachment-codevz_600_600\" alt=\"\" title=\"2\" srcset=\"https:\/\/armasepeti.com\/wp-content\/uploads\/2021\/05\/2-10.jpg 500w, https:\/\/armasepeti.com\/wp-content\/uploads\/2021\/05\/2-10-300x300.jpg 300w, https:\/\/armasepeti.com\/wp-content\/uploads\/2021\/05\/2-10-150x150.jpg 150w, https:\/\/armasepeti.com\/wp-content\/uploads\/2021\/05\/2-10-100x100.jpg 100w\" sizes=\"(max-width: 500px) 100vw, 500px\" \/><div class=\"cz_grid_details\"><i class=\"fa fa-search cz_grid_icon\"><\/i><\/div><\/a><\/div><\/div><div class=\"cz_grid_item \"><div><a class=\"cz_grid_link \" href=\"https:\/\/armasepeti.com\/wp-content\/uploads\/2021\/05\/6-7.jpg\" data-xtra-lightbox><img decoding=\"async\" width=\"500\" height=\"500\" src=\"https:\/\/armasepeti.com\/wp-content\/uploads\/2021\/05\/6-7.jpg\" class=\"attachment-codevz_600_600\" alt=\"\" title=\"6\" srcset=\"https:\/\/armasepeti.com\/wp-content\/uploads\/2021\/05\/6-7.jpg 500w, https:\/\/armasepeti.com\/wp-content\/uploads\/2021\/05\/6-7-300x300.jpg 300w, https:\/\/armasepeti.com\/wp-content\/uploads\/2021\/05\/6-7-150x150.jpg 150w, https:\/\/armasepeti.com\/wp-content\/uploads\/2021\/05\/6-7-100x100.jpg 100w\" sizes=\"(max-width: 500px) 100vw, 500px\" \/><div class=\"cz_grid_details\"><i class=\"fa fa-search cz_grid_icon\"><\/i><\/div><\/a><\/div><\/div><div class=\"cz_grid_item \"><div><a class=\"cz_grid_link \" href=\"https:\/\/armasepeti.com\/wp-content\/uploads\/2021\/05\/4-10.jpg\" data-xtra-lightbox><img decoding=\"async\" width=\"500\" height=\"500\" src=\"https:\/\/armasepeti.com\/wp-content\/uploads\/2021\/05\/4-10.jpg\" class=\"attachment-codevz_600_600\" alt=\"\" title=\"4\" srcset=\"https:\/\/armasepeti.com\/wp-content\/uploads\/2021\/05\/4-10.jpg 500w, https:\/\/armasepeti.com\/wp-content\/uploads\/2021\/05\/4-10-300x300.jpg 300w, https:\/\/armasepeti.com\/wp-content\/uploads\/2021\/05\/4-10-150x150.jpg 150w, https:\/\/armasepeti.com\/wp-content\/uploads\/2021\/05\/4-10-100x100.jpg 100w\" sizes=\"(max-width: 500px) 100vw, 500px\" \/><div class=\"cz_grid_details\"><i class=\"fa fa-search cz_grid_icon\"><\/i><\/div><\/a><\/div><\/div><div class=\"cz_grid_item \"><div><a class=\"cz_grid_link \" href=\"https:\/\/armasepeti.com\/wp-content\/uploads\/2021\/05\/5-8.jpg\" data-xtra-lightbox><img decoding=\"async\" width=\"500\" height=\"500\" src=\"https:\/\/armasepeti.com\/wp-content\/uploads\/2021\/05\/5-8.jpg\" class=\"attachment-codevz_600_600\" alt=\"\" title=\"5\" srcset=\"https:\/\/armasepeti.com\/wp-content\/uploads\/2021\/05\/5-8.jpg 500w, https:\/\/armasepeti.com\/wp-content\/uploads\/2021\/05\/5-8-300x300.jpg 300w, https:\/\/armasepeti.com\/wp-content\/uploads\/2021\/05\/5-8-150x150.jpg 150w, https:\/\/armasepeti.com\/wp-content\/uploads\/2021\/05\/5-8-100x100.jpg 100w\" sizes=\"(max-width: 500px) 100vw, 500px\" \/><div class=\"cz_grid_details\"><i class=\"fa fa-search cz_grid_icon\"><\/i><\/div><\/a><\/div><\/div><div class=\"cz_grid_item \"><div><a class=\"cz_grid_link \" href=\"https:\/\/armasepeti.com\/wp-content\/uploads\/2021\/05\/1-3.jpg\" data-xtra-lightbox><img decoding=\"async\" width=\"500\" height=\"500\" src=\"https:\/\/armasepeti.com\/wp-content\/uploads\/2021\/05\/1-3.jpg\" class=\"attachment-codevz_600_600\" alt=\"\" title=\"1\" srcset=\"https:\/\/armasepeti.com\/wp-content\/uploads\/2021\/05\/1-3.jpg 500w, https:\/\/armasepeti.com\/wp-content\/uploads\/2021\/05\/1-3-300x300.jpg 300w, https:\/\/armasepeti.com\/wp-content\/uploads\/2021\/05\/1-3-150x150.jpg 150w, https:\/\/armasepeti.com\/wp-content\/uploads\/2021\/05\/1-3-100x100.jpg 100w\" sizes=\"(max-width: 500px) 100vw, 500px\" \/><div class=\"cz_grid_details\"><i class=\"fa fa-search cz_grid_icon\"><\/i><\/div><\/a><\/div><\/div><div class=\"cz_grid_item \"><div><a class=\"cz_grid_link \" href=\"https:\/\/armasepeti.com\/wp-content\/uploads\/2021\/05\/2-4.jpg\" data-xtra-lightbox><img decoding=\"async\" width=\"500\" height=\"500\" src=\"https:\/\/armasepeti.com\/wp-content\/uploads\/2021\/05\/2-4.jpg\" class=\"attachment-codevz_600_600\" alt=\"\" title=\"2\" srcset=\"https:\/\/armasepeti.com\/wp-content\/uploads\/2021\/05\/2-4.jpg 500w, https:\/\/armasepeti.com\/wp-content\/uploads\/2021\/05\/2-4-300x300.jpg 300w, https:\/\/armasepeti.com\/wp-content\/uploads\/2021\/05\/2-4-150x150.jpg 150w, https:\/\/armasepeti.com\/wp-content\/uploads\/2021\/05\/2-4-100x100.jpg 100w\" sizes=\"(max-width: 500px) 100vw, 500px\" \/><div class=\"cz_grid_details\"><i class=\"fa fa-search cz_grid_icon\"><\/i><\/div><\/a><\/div><\/div><div class=\"cz_grid_item \"><div><a class=\"cz_grid_link \" href=\"https:\/\/armasepeti.com\/wp-content\/uploads\/2021\/05\/3-4.jpg\" data-xtra-lightbox><img decoding=\"async\" width=\"500\" height=\"500\" src=\"https:\/\/armasepeti.com\/wp-content\/uploads\/2021\/05\/3-4.jpg\" class=\"attachment-codevz_600_600\" alt=\"\" title=\"3\" srcset=\"https:\/\/armasepeti.com\/wp-content\/uploads\/2021\/05\/3-4.jpg 500w, https:\/\/armasepeti.com\/wp-content\/uploads\/2021\/05\/3-4-300x300.jpg 300w, https:\/\/armasepeti.com\/wp-content\/uploads\/2021\/05\/3-4-150x150.jpg 150w, https:\/\/armasepeti.com\/wp-content\/uploads\/2021\/05\/3-4-100x100.jpg 100w\" sizes=\"(max-width: 500px) 100vw, 500px\" \/><div class=\"cz_grid_details\"><i class=\"fa fa-search cz_grid_icon\"><\/i><\/div><\/a><\/div><\/div><div class=\"cz_grid_item \"><div><a class=\"cz_grid_link \" href=\"https:\/\/armasepeti.com\/wp-content\/uploads\/2021\/05\/4-4.jpg\" data-xtra-lightbox><img decoding=\"async\" width=\"500\" height=\"500\" src=\"https:\/\/armasepeti.com\/wp-content\/uploads\/2021\/05\/4-4.jpg\" class=\"attachment-codevz_600_600\" alt=\"\" title=\"4\" srcset=\"https:\/\/armasepeti.com\/wp-content\/uploads\/2021\/05\/4-4.jpg 500w, https:\/\/armasepeti.com\/wp-content\/uploads\/2021\/05\/4-4-300x300.jpg 300w, https:\/\/armasepeti.com\/wp-content\/uploads\/2021\/05\/4-4-150x150.jpg 150w, https:\/\/armasepeti.com\/wp-content\/uploads\/2021\/05\/4-4-100x100.jpg 100w\" sizes=\"(max-width: 500px) 100vw, 500px\" \/><div class=\"cz_grid_details\"><i class=\"fa fa-search cz_grid_icon\"><\/i><\/div><\/a><\/div><\/div><div class=\"cz_grid_item \"><div><a class=\"cz_grid_link \" href=\"https:\/\/armasepeti.com\/wp-content\/uploads\/2021\/05\/6-2.jpg\" data-xtra-lightbox><img decoding=\"async\" width=\"500\" height=\"500\" src=\"https:\/\/armasepeti.com\/wp-content\/uploads\/2021\/05\/6-2.jpg\" class=\"attachment-codevz_600_600\" alt=\"\" title=\"6\" srcset=\"https:\/\/armasepeti.com\/wp-content\/uploads\/2021\/05\/6-2.jpg 500w, https:\/\/armasepeti.com\/wp-content\/uploads\/2021\/05\/6-2-300x300.jpg 300w, https:\/\/armasepeti.com\/wp-content\/uploads\/2021\/05\/6-2-150x150.jpg 150w, https:\/\/armasepeti.com\/wp-content\/uploads\/2021\/05\/6-2-100x100.jpg 100w\" sizes=\"(max-width: 500px) 100vw, 500px\" \/><div class=\"cz_grid_details\"><i class=\"fa fa-search cz_grid_icon\"><\/i><\/div><\/a><\/div><\/div><div class=\"cz_grid_item \"><div><a class=\"cz_grid_link \" href=\"https:\/\/armasepeti.com\/wp-content\/uploads\/2021\/05\/7-3.jpg\" data-xtra-lightbox><img decoding=\"async\" width=\"500\" height=\"500\" src=\"https:\/\/armasepeti.com\/wp-content\/uploads\/2021\/05\/7-3.jpg\" class=\"attachment-codevz_600_600\" alt=\"\" title=\"7\" srcset=\"https:\/\/armasepeti.com\/wp-content\/uploads\/2021\/05\/7-3.jpg 500w, https:\/\/armasepeti.com\/wp-content\/uploads\/2021\/05\/7-3-300x300.jpg 300w, https:\/\/armasepeti.com\/wp-content\/uploads\/2021\/05\/7-3-150x150.jpg 150w, https:\/\/armasepeti.com\/wp-content\/uploads\/2021\/05\/7-3-100x100.jpg 100w\" sizes=\"(max-width: 500px) 100vw, 500px\" \/><div class=\"cz_grid_details\"><i class=\"fa fa-search cz_grid_icon\"><\/i><\/div><\/a><\/div><\/div><div class=\"cz_grid_item \"><div><a class=\"cz_grid_link \" href=\"https:\/\/armasepeti.com\/wp-content\/uploads\/2021\/05\/8-2.jpg\" data-xtra-lightbox><img decoding=\"async\" width=\"500\" height=\"500\" src=\"https:\/\/armasepeti.com\/wp-content\/uploads\/2021\/05\/8-2.jpg\" class=\"attachment-codevz_600_600\" alt=\"\" title=\"8\" srcset=\"https:\/\/armasepeti.com\/wp-content\/uploads\/2021\/05\/8-2.jpg 500w, https:\/\/armasepeti.com\/wp-content\/uploads\/2021\/05\/8-2-300x300.jpg 300w, https:\/\/armasepeti.com\/wp-content\/uploads\/2021\/05\/8-2-150x150.jpg 150w, https:\/\/armasepeti.com\/wp-content\/uploads\/2021\/05\/8-2-100x100.jpg 100w\" sizes=\"(max-width: 500px) 100vw, 500px\" \/><div class=\"cz_grid_details\"><i class=\"fa fa-search cz_grid_icon\"><\/i><\/div><\/a><\/div><\/div><div class=\"cz_grid_item \"><div><a class=\"cz_grid_link \" href=\"https:\/\/armasepeti.com\/wp-content\/uploads\/2021\/05\/9-3.jpg\" data-xtra-lightbox><img decoding=\"async\" width=\"500\" height=\"500\" src=\"https:\/\/armasepeti.com\/wp-content\/uploads\/2021\/05\/9-3.jpg\" class=\"attachment-codevz_600_600\" alt=\"\" title=\"9\" srcset=\"https:\/\/armasepeti.com\/wp-content\/uploads\/2021\/05\/9-3.jpg 500w, https:\/\/armasepeti.com\/wp-content\/uploads\/2021\/05\/9-3-300x300.jpg 300w, https:\/\/armasepeti.com\/wp-content\/uploads\/2021\/05\/9-3-150x150.jpg 150w, https:\/\/armasepeti.com\/wp-content\/uploads\/2021\/05\/9-3-100x100.jpg 100w\" sizes=\"(max-width: 500px) 100vw, 500px\" \/><div class=\"cz_grid_details\"><i class=\"fa fa-search cz_grid_icon\"><\/i><\/div><\/a><\/div><\/div><div class=\"cz_grid_item \"><div><a class=\"cz_grid_link \" href=\"https:\/\/armasepeti.com\/wp-content\/uploads\/2021\/05\/7-8.jpg\" data-xtra-lightbox><img decoding=\"async\" width=\"500\" height=\"500\" src=\"https:\/\/armasepeti.com\/wp-content\/uploads\/2021\/05\/7-8.jpg\" class=\"attachment-codevz_600_600\" alt=\"\" title=\"7\" srcset=\"https:\/\/armasepeti.com\/wp-content\/uploads\/2021\/05\/7-8.jpg 500w, https:\/\/armasepeti.com\/wp-content\/uploads\/2021\/05\/7-8-300x300.jpg 300w, https:\/\/armasepeti.com\/wp-content\/uploads\/2021\/05\/7-8-150x150.jpg 150w, https:\/\/armasepeti.com\/wp-content\/uploads\/2021\/05\/7-8-100x100.jpg 100w\" sizes=\"(max-width: 500px) 100vw, 500px\" \/><div class=\"cz_grid_details\"><i class=\"fa fa-search cz_grid_icon\"><\/i><\/div><\/a><\/div><\/div><\/div><\/div>[\/vc_column][\/vc_row][vc_row full_width=&#8221;stretch_row_content_no_spaces&#8221; css=&#8221;.vc_custom_1586533761037{background-color: #212121 !important;}&#8221;][vc_column]<div id=\"cz_99870\" class=\"cz-particles\"><div class=\"row clr\"><div class=\"cz_gap clr \" style=\"height: 50px\"><\/div><div id=\"cz_14898\" class=\"cz_14898 cz_title clr cz_smart_fs cz_title_pos_inline tac\"><div class=\"cz_title_content\"><span class=\"cz_line_side_solo\">_<\/span><div class=\"cz_wpe_content\"><div class=\"cmsmasters_text\">\n<h3 style=\"text-align: center;\"><span style=\"font-size: 38px; color: #ffffff;\">Hemen Ara <\/span><span style=\"font-size: 38px; color: #ffffff;\"><span style=\"color: #fe8802;\">Sipari\u015fini Ver<\/span><\/span><\/h3>\n<\/div>\n<div id=\"gtx-trans\" style=\"position: absolute; left: 328px; top: -7.28125px;\">\n<div class=\"gtx-trans-icon\"><\/div>\n<\/div>\n<\/div><span class=\"cz_line_side_solo cz_line_side_after\">_<\/span><\/div><\/div>[vc_row_inner][vc_column_inner width=&#8221;1\/6&#8243;][\/vc_column_inner][vc_column_inner width=&#8221;2\/3&#8243;]<div id=\"cz_98698\" class=\"cz_98698 cz_title clr cz_title_pos_inline tac\"><div class=\"cz_title_content\"><div class=\"cz_wpe_content\"><p style=\"text-align: center;\"><span style=\"font-size: 18px; color: #dddddd;\">Profesyonel ekiplerimizle size hizmet vermekten mutluluk duyaca\u011f\u0131z<\/span><\/p>\n<div id=\"gtx-trans\" style=\"position: absolute; left: 108px; top: 150px;\">\n<div class=\"gtx-trans-icon\"><\/div>\n<\/div>\n<\/div><\/div><\/div><div class=\"cz_btn_center\"><div class=\"cz_100041_p\"><a id=\"cz_100041\" class=\"cz_100041 cz_btn cz_btn_txt_move_up cz_btn_zoom_in cz_btn_icon_after\" href=\"https:\/\/armasepeti.com\/?page_id=17\" title=\"\u0130leti\u015fim\"><span><strong>TEKL\u0130F AL<\/strong><i class=\"fa czico-112-location\"><\/i><\/span><b class=\"cz_btn_onhover\"><strong>Hemen Ara<\/strong><i class=\"fa czico-112-location\"><\/i><\/b><\/a><\/div><\/div>[\/vc_column_inner][vc_column_inner width=&#8221;1\/6&#8243;][\/vc_column_inner][\/vc_row_inner]<div class=\"cz_gap clr  hide_on_mobile\" style=\"height: 130px\"><\/div><div class=\"cz_gap show_on_mobile clr\" style=\"height: 75px\"><\/div><\/div><\/div>\n<script>\n\n\t! function( $ ) {\n\n\t\tsetTimeout(function() {\n\t\t\tif ( typeof particlesJS != \"undefined\" ) {\n\n\t\t\t\tparticlesJS(\"cz_99870\", {\n\t\t\t\t  \"particles\": {\n\t\t\t\t    \"number\": {\n\t\t\t\t      \"value\": 100\n\t\t\t\t    },\n\t\t\t\t    \"color\": {\n\t\t\t\t      \"value\": \"#fe8802\"\n\t\t\t\t    },\n\t\t\t\t    \"shape\": {\n\t\t\t\t      \"type\": \"circle\",\n\t\t\t\t    },\n\t\t\t\t    \"line_linked\": {\n\t\t\t\t      \"enable\": true,\n\t\t\t\t      \"distance\": 150,\n\t\t\t\t      \"color\": \"#a7a7a7\",\n\t\t\t\t      \"opacity\": 0.4,\n\t\t\t\t      \"width\": 1\n\t\t\t\t    },\n\t\t\t\t    \"opacity\": {\n\t\t\t\t      \"value\": 0.5,\n\t\t\t\t      \"random\": true,\n\t\t\t\t      \"anim\": {\n\t\t\t\t        \"enable\": false,\n\t\t\t\t        \"speed\": 1,\n\t\t\t\t        \"opacity_min\": 0.1,\n\t\t\t\t        \"sync\": false\n\t\t\t\t      }\n\t\t\t\t    },\n\t\t\t\t    \"size\": {\n\t\t\t\t      \"value\": 5,\n\t\t\t\t      \"random\": true,\n\t\t\t\t      \"anim\": {\n\t\t\t\t        \"enable\": false,\n\t\t\t\t        \"speed\": 40,\n\t\t\t\t        \"size_min\": 0.1,\n\t\t\t\t        \"sync\": false\n\t\t\t\t      }\n\t\t\t\t    },\n\t\t\t\t    \"move\": {\n\t\t\t\t      \"enable\": true,\n\t\t\t\t      \"speed\": 6,\n\t\t\t\t      \"direction\": \"none\",\n\t\t\t\t      \"random\": false,\n\t\t\t\t      \"straight\": false,\n\t\t\t\t      \"out_mode\": \"out\",\n\t\t\t\t      \"bounce\": false,\n\t\t\t\t      \"attract\": {\n\t\t\t\t        \"enable\": false,\n\t\t\t\t        \"rotateX\": 600,\n\t\t\t\t        \"rotateY\": 1200\n\t\t\t\t      }\n\t\t\t\t    }\n\t\t\t\t  },\n\t\t\t\t  \"interactivity\": {\n\t\t\t\t    \"detect_on\": \"canvas\",\n\t\t\t\t    \"events\": {\n\t\t\t\t      \"onhover\": {\n\t\t\t\t        \"enable\": true,\n\t\t\t\t        \"mode\": \"grab\"\n\t\t\t\t      },\n\t\t\t\t      \"onclick\": {\n\t\t\t\t        \"enable\": true,\n\t\t\t\t        \"mode\": \"push\"\n\t\t\t\t      },\n\t\t\t\t      \"resize\": true\n\t\t\t\t    },\n\t\t\t\t    \"modes\": {\n\t\t\t\t      \"grab\": {\n\t\t\t\t        \"distance\": 100,\n\t\t\t\t        \"line_linked\": {\n\t\t\t\t          \"opacity\": 1\n\t\t\t\t        }\n\t\t\t\t      },\n\t\t\t\t      \"bubble\": {\n\t\t\t\t        \"distance\": 400,\n\t\t\t\t        \"size\": 40,\n\t\t\t\t        \"duration\": 2,\n\t\t\t\t        \"opacity\": 8,\n\t\t\t\t        \"speed\": 3\n\t\t\t\t      },\n\t\t\t\t      \"repulse\": {\n\t\t\t\t        \"distance\": 200,\n\t\t\t\t        \"duration\": 0.4\n\t\t\t\t      },\n\t\t\t\t      \"push\": {\n\t\t\t\t        \"particles_nb\": 4\n\t\t\t\t      },\n\t\t\t\t      \"remove\": {\n\t\t\t\t        \"particles_nb\": 2\n\t\t\t\t      }\n\t\t\t\t    }\n\t\t\t\t  },\n\t\t\t\t  \"retina_detect\": true\n\t\t\t\t});\n\t\t\t}\n\t\t}, 2000 );\n\n\t}( jQuery )\n\n<\/script>[\/vc_column][\/vc_row]<\/p>\n","protected":false},"excerpt":{"rendered":"<p>[vc_row][vc_column width=&#8221;1\/6&#8243;][\/vc_column][vc_column width=&#8221;2\/3&#8243;][\/vc_column][vc_column width=&#8221;1\/6&#8243;][\/vc_column][\/vc_row][vc_row][vc_column][\/vc_column][\/vc_row][vc_row full_width=&#8221;stretch_row_content_no_spaces&#8221; css=&#8221;.vc_custom_1586533761037{background-color: #212121 !important;}&#8221;][vc_column][\/vc_column][\/vc_row] &#8230; <\/p>\n","protected":false},"author":1,"featured_media":0,"parent":0,"menu_order":0,"comment_status":"closed","ping_status":"closed","template":"","meta":{"footnotes":""},"class_list":["post-1410","page","type-page","status-publish","hentry"],"aioseo_notices":[],"_links":{"self":[{"href":"https:\/\/armasepeti.com\/index.php?rest_route=\/wp\/v2\/pages\/1410","targetHints":{"allow":["GET"]}}],"collection":[{"href":"https:\/\/armasepeti.com\/index.php?rest_route=\/wp\/v2\/pages"}],"about":[{"href":"https:\/\/armasepeti.com\/index.php?rest_route=\/wp\/v2\/types\/page"}],"author":[{"embeddable":true,"href":"https:\/\/armasepeti.com\/index.php?rest_route=\/wp\/v2\/users\/1"}],"replies":[{"embeddable":true,"href":"https:\/\/armasepeti.com\/index.php?rest_route=%2Fwp%2Fv2%2Fcomments&post=1410"}],"version-history":[{"count":5,"href":"https:\/\/armasepeti.com\/index.php?rest_route=\/wp\/v2\/pages\/1410\/revisions"}],"predecessor-version":[{"id":1564,"href":"https:\/\/armasepeti.com\/index.php?rest_route=\/wp\/v2\/pages\/1410\/revisions\/1564"}],"wp:attachment":[{"href":"https:\/\/armasepeti.com\/index.php?rest_route=%2Fwp%2Fv2%2Fmedia&parent=1410"}],"curies":[{"name":"wp","href":"https:\/\/api.w.org\/{rel}","templated":true}]}}